{"id":46,"date":"2021-01-10T15:48:24","date_gmt":"2021-01-10T14:48:24","guid":{"rendered":"http:\/\/isystec.fr\/isystec\/?page_id=46"},"modified":"2021-01-10T23:21:51","modified_gmt":"2021-01-10T22:21:51","slug":"offre-de-services","status":"publish","type":"page","link":"https:\/\/isystec.fr\/isystec\/index.php\/offre-de-services\/","title":{"rendered":"Offre de services"},"content":{"rendered":"\n<h2 class=\"has-text-align-center has-large-font-size\">Nos solutions en informatique d\u2019entreprise<\/h2>\n\n\n\n<p class=\"has-text-align-center\">D\u00e8s lors que vous utilisez des outils informatiques au sein de votre entreprise, la n\u00e9cessit\u00e9 de d\u00e9velopper un r\u00e9seau informatique va vous apporter de nombreux avantages en termes de gestion.<\/p>\n\n\n\n<h2 class=\"has-text-align-center\">AUDIT.<\/h2>\n\n\n\n<p class=\"has-text-align-left\">L\u2019audit informatique permettra d\u2019\u00e9valuer et d\u2019identifier l\u2019\u00e9tat d\u2019un syst\u00e8me d\u2019information, d\u2019un projet, ou d\u2019une organisation. ISYSTEC CONSULTING propose de vous accompagner sur l\u2019analyse et l\u2019audit de vos infrastructures informatiques, \u00e0 travers quatre axes majeurs :<\/p>\n\n\n\n<ul><li>Analyse des besoins<\/li><li>Audit des infrastructures informatiques, syst\u00e8mes et r\u00e9seaux<\/li><li>Audit de s\u00e9curit\u00e9 informatique<\/li><li>Analyse de performance et recherche de dysfonctionnements<\/li><\/ul>\n\n\n\n<h2 class=\"has-text-align-center\">INSTALLATION.<\/h2>\n\n\n\n<p>ISYSTEC CONSULTING met \u00e0 votre disposition une expertise v\u00e9ritable et une solide exp\u00e9rience sur vos projets d\u2019infrastructures informatiques en vous apportant l\u2019ensemble des bonnes pratiques et savoir-faire technique, dans le but de vous accompagner d\u00e8s la phase de conseil jusqu\u2019\u00e0 la mise en \u0153uvre et suivi de vos projets infrastructures.<\/p>\n\n\n\n<p>ISYSTEC CONSULTING con\u00e7oit des infrastructures hautement disponibles, permettant de r\u00e9duire les interruptions de vos activit\u00e9s commerciales et de diminuer les risques dans le cadre d\u2019un PCA, mais aussi de garantir la reconstruction de votre infrastructure et la remise en route des applications, en automatisant les op\u00e9rations de r\u00e9cup\u00e9ration dans le cadre d\u2019un PRA.<\/p>\n\n\n\n<p>ISYSTEC CONSULTING imagine et d\u00e9ploie des solutions de protection des donn\u00e9es int\u00e9gr\u00e9es, permettant de r\u00e9duire les co\u00fbts d\u2019exploitation, de minimiser l\u2019incidence des pannes associ\u00e9es \u00e0 la disponibilit\u00e9 des donn\u00e9es, et de limiter les risques organisationnels.<\/p>\n\n\n\n<h2 class=\"has-text-align-center\">MIGRATION.<\/h2>\n\n\n\n<p>\u00c9tape indispensable lors de tout changement de mat\u00e9riel, de syst\u00e8me d\u2019exploitation ou de logiciels, la migration des donn\u00e9es est un processus complexe qui n\u00e9cessite rigueur et m\u00e9thodologie. ISYSTEC CONSULTING assure pour vous l\u2019analyse de l\u2019infrastructure existante, celle de vos besoins, et imagine avec vous l\u2019infrastructure et le plan de migration adapt\u00e9s pour pouvoir d\u00e9finir l\u2019architecture cible.<\/p>\n\n\n\n<h2 class=\"has-text-align-center\">D\u00c9PLOIEMENT.<\/h2>\n\n\n\n<p>L\u2019installation et le d\u00e9ploiement de mat\u00e9riel peuvent \u00eatre \u00e9prouvants pour votre entreprise. ISYSTEC CONSULTING est capable de g\u00e9rer l\u2019ensemble du processus, depuis la logistique jusqu\u2019\u00e0 la mise hors service, tout en s\u2019attachant \u00e0 s\u00e9curiser vos donn\u00e9es, g\u00e9rer les installations et basculer de fa\u00e7on transparente vers votre nouvelle infrastructure.<\/p>\n\n\n\n<h2 class=\"has-text-align-center\">SECURITE.<\/h2>\n\n\n\n<p>Avec l\u2019explosion du nombre d\u2019attaques et le besoin croissant d\u2019\u00e9change de donn\u00e9es, la s\u00e9curit\u00e9 (p\u00e9rim\u00e9trique et interne) est devenue un v\u00e9ritable enjeu des SI. ISYSTEC CONSULTING vous accompagne dans le d\u00e9ploiement de solutions permettant de s\u00e9curiser vos flux, tout en prenant en compte la mobilit\u00e9 de vos utilisateurs et les services Cloud. ISYSTEC CONSULTING int\u00e8gre pour vous des solutions de protection au plus proche des postes et serveurs, avec une gestion centralis\u00e9e simple et efficace avec la mise en place d&#8217;un pare-deu, d&#8217;un antispam, d&#8217;un antivirus, &#8230;<\/p>\n\n\n\n<h2 class=\"has-text-align-center\">SUPERVISION &amp; ADMINISTRATION.<\/h2>\n\n\n\n<p>ISYSTEC CONSULTING propose une supervision informatique globale totalement personnalisable qui fournit des informations pr\u00e9cises pour faciliter la gestion proactive et la maintenance pr\u00e9ventive des services informatiques. ISYSTEC CONSULTING fournit \u00e9galement des rapports pr\u00e9sentant la sant\u00e9 de votre SI, vous offrant ainsi une vision des \u00e9volutions.<\/p>\n","protected":false},"excerpt":{"rendered":"<p>Nos solutions en informatique d\u2019entreprise D\u00e8s lors que vous utilisez des outils informatiques au sein de votre entreprise, la n\u00e9cessit\u00e9 de d\u00e9velopper un r\u00e9seau informatique va vous apporter de nombreux avantages en termes de gestion. AUDIT. L\u2019audit informatique permettra d\u2019\u00e9valuer et d\u2019identifier l\u2019\u00e9tat d\u2019un syst\u00e8me d\u2019information, d\u2019un projet, ou d\u2019une organisation. ISYSTEC CONSULTING propose de [&hellip;]<\/p>\n","protected":false},"author":1,"featured_media":0,"parent":0,"menu_order":0,"comment_status":"closed","ping_status":"closed","template":"","meta":[],"_links":{"self":[{"href":"https:\/\/isystec.fr\/isystec\/index.php\/wp-json\/wp\/v2\/pages\/46"}],"collection":[{"href":"https:\/\/isystec.fr\/isystec\/index.php\/wp-json\/wp\/v2\/pages"}],"about":[{"href":"https:\/\/isystec.fr\/isystec\/index.php\/wp-json\/wp\/v2\/types\/page"}],"author":[{"embeddable":true,"href":"https:\/\/isystec.fr\/isystec\/index.php\/wp-json\/wp\/v2\/users\/1"}],"replies":[{"embeddable":true,"href":"https:\/\/isystec.fr\/isystec\/index.php\/wp-json\/wp\/v2\/comments?post=46"}],"version-history":[{"count":1,"href":"https:\/\/isystec.fr\/isystec\/index.php\/wp-json\/wp\/v2\/pages\/46\/revisions"}],"predecessor-version":[{"id":47,"href":"https:\/\/isystec.fr\/isystec\/index.php\/wp-json\/wp\/v2\/pages\/46\/revisions\/47"}],"wp:attachment":[{"href":"https:\/\/isystec.fr\/isystec\/index.php\/wp-json\/wp\/v2\/media?parent=46"}],"curies":[{"name":"wp","href":"https:\/\/api.w.org\/{rel}","templated":true}]}}